{"id":3472,"date":"2016-12-16T16:57:03","date_gmt":"2016-12-16T15:57:03","guid":{"rendered":"http:\/\/www.coma-zt.it\/de\/produzione\/saldatura-manuale-e-robotizzata\/"},"modified":"2017-03-29T16:38:38","modified_gmt":"2017-03-29T14:38:38","slug":"schweissen","status":"publish","type":"page","link":"https:\/\/www.coma-zt.it\/de\/produktion\/schweissen\/","title":{"rendered":"Schweissen"},"content":{"rendered":"<div class=\"fw-page-builder-content\">\n<h4 class=\"fw-special-title\">SCHWEISSEN<\/h4>\n<p style=\"text-align: left;\">Diese Abteilung verf\u00fcgt \u00fcber verschiedene Einrichtungen f\u00fcr das robotisierte Schwei\u00dfen mit MIG Schwei\u00dfrobotern und \u00fcber hochqualifiziertes und erfahrenes Fachpersonal, welches das Punktschwei\u00dfen, das MIG-TIG Schwei\u00dfen und eine sorgf\u00e4ltige Oberfl\u00e4chenbeschichtung ausf\u00fcrt.<\/p>\n<p> <a class=\"fw-block-image-child fw-ratio-1 fw-ratio-container\" href=\"\/\/www.coma-zt.it\/wp-content\/uploads\/2016\/12\/icona_saldatura-x2.png\" data-rel=\"prettyPhoto\"><br \/>\n <img decoding=\"async\" src=\"https:\/\/www.coma-zt.it\/wp-content\/uploads\/2016\/12\/icona_saldatura-x2.png\" alt=\"icona_saldatura-x2\" data-maxdpr=\"1.7\" width=\"160\" class=\"lazyload\" \/><img decoding=\"async\" src=\"data:image\/gif;base64,R0lGODlhAQABAIAAAAAAAP\/\/\/yH5BAEAAAAALAAAAAABAAEAAAIBRAA7\" data-sizes=\"auto\" data-srcset=\"https:\/\/www.coma-zt.it\/wp-content\/uploads\/2016\/12\/icona_saldatura-x2-150x150.png 150w, https:\/\/www.coma-zt.it\/wp-content\/uploads\/2016\/12\/icona_saldatura-x2.png 160w\" alt=\"icona_saldatura-x2\" data-maxdpr=\"1.7\" width=\"160\" class=\"lazyload\" \/><br \/>\n <\/a><\/p>\n<h3 class=\"fw-special-title\">Anfrage f\u00fcr Informationen<\/h3>\n<p class=\"testiform\">Name (* )<\/p>\n<p><p class=\"testiform\">Nachname (* )<\/p>\n<p><p class=\"testiform\">Firmenname(* )<\/p>\n<\/p>\n<p class=\"testiform\">Adresse <\/p>\n<p><p class=\"testiform\">Postleitzahl<\/p>\n<p><p class=\"testiform\">Stadt (* )<\/p>\n<\/p>\n<p class=\"testiform\">Telefon (* )<\/p>\n<p><p class=\"testiform\">E-mail (* )<\/p>\n<p><p class=\"testiform\">Sicherheitscode (* )<\/p>\n<\/p>\n<p><img loading=\"lazy\" decoding=\"async\" class=\"wpcf7-form-control wpcf7-captchac wpcf7-captcha-captcha-code\" width=\"72\" height=\"24\" alt=\"captcha\" src=\"https:\/\/www.coma-zt.it\/wp-content\/uploads\/wpcf7_captcha\/792372056.png\" \/>\n<\/p>\n<\/p>\n<p class=\"testiform\">Nachricht<\/p>\n<\/p>\n<p>As provided for by Legislative decree 196\/2003 on the protection of personal data please note that the data supplied by filling in the form will be collected by Coma di Zanon Tarcizio S.r.l. using electronic and\/or computerised means. Data supplied will be used only for market research purposes. You may, at any time, exercise your rights provided for by art. 7 of Legislative Decree 196\/2003. By clicking on the Send button I declare that I have read this notice and that I give my consent to process my personal data on the basis of the above notice. <\/p>\n<p>Ich akzeptiere\n<\/p>\n<\/p>\n<\/p>\n<p> Felder mit dem Zeichen (*)sind erforderlich\n<\/p>\n<\/p>\n<\/div>\n","protected":false},"excerpt":{"rendered":"<p>SCHWEISSEN Diese Abteilung verf\u00fcgt \u00fcber verschiedene Einrichtungen f\u00fcr das robotisierte Schwei\u00dfen mit MIG Schwei\u00dfrobotern und \u00fcber hochqualifiziertes und erfahrenes Fachpersonal, welches das Punktschwei\u00dfen, das MIG-TIG Schwei\u00dfen und eine sorgf\u00e4ltige Oberfl\u00e4chenbeschichtung ausf\u00fcrt. Anfrage f\u00fcr Informationen Name (* ) Nachname (* ) Firmenname(* ) Adresse Postleitzahl Stadt (* ) Telefon (* ) E-mail (* ) Sicherheitscode (* [&hellip;]<\/p>\n","protected":false},"author":2,"featured_media":0,"parent":3436,"menu_order":0,"comment_status":"closed","ping_status":"closed","template":"visual-builder-template.php","meta":{"footnotes":""},"class_list":["post-3472","page","type-page","status-publish","hentry"],"yoast_head":"<!-- This site is optimized with the Yoast SEO plugin v26.9 - https:\/\/yoast.com\/product\/yoast-seo-wordpress\/ -->\n<title>Schweissen - Blechverarbeitung, Herstellung von Blechkomponenten - Coma ZT<\/title>\n<meta name=\"description\" content=\"Schweissen: COMA ist in der Maschinenbau-Zulieferbranche, sowie in der Herstellung von Blechkomponenten f\u00fcr Werkstoffe. Entdecken Sie unsere Produkte!\" \/>\n<meta name=\"robots\" content=\"index, follow, max-snippet:-1, max-image-preview:large, max-video-preview:-1\" \/>\n<link rel=\"canonical\" href=\"https:\/\/www.coma-zt.it\/produzione\/saldatura\/\" \/>\n<meta property=\"og:locale\" content=\"de_DE\" \/>\n<meta property=\"og:type\" content=\"article\" \/>\n<meta property=\"og:title\" content=\"Schweissen - Blechverarbeitung, Herstellung von Blechkomponenten - Coma ZT\" \/>\n<meta property=\"og:description\" content=\"Schweissen: COMA ist in der Maschinenbau-Zulieferbranche, sowie in der Herstellung von Blechkomponenten f\u00fcr Werkstoffe. Entdecken Sie unsere Produkte!\" \/>\n<meta property=\"og:url\" content=\"https:\/\/www.coma-zt.it\/produzione\/saldatura\/\" \/>\n<meta property=\"og:site_name\" content=\"Coma ZT\" \/>\n<meta property=\"article:modified_time\" content=\"2017-03-29T14:38:38+00:00\" \/>\n<meta property=\"og:image\" content=\"https:\/\/www.coma-zt.it\/wp-content\/uploads\/2016\/12\/icona_saldatura-x2.png\" \/>\n<meta name=\"twitter:card\" content=\"summary_large_image\" \/>\n<meta name=\"twitter:label1\" content=\"Gesch\u00e4tzte Lesezeit\" \/>\n\t<meta name=\"twitter:data1\" content=\"1\u00a0Minute\" \/>\n<script type=\"application\/ld+json\" class=\"yoast-schema-graph\">{\"@context\":\"https:\/\/schema.org\",\"@graph\":[{\"@type\":\"WebPage\",\"@id\":\"https:\/\/www.coma-zt.it\/produzione\/saldatura\/\",\"url\":\"https:\/\/www.coma-zt.it\/produzione\/saldatura\/\",\"name\":\"Schweissen - Blechverarbeitung, Herstellung von Blechkomponenten - Coma ZT\",\"isPartOf\":{\"@id\":\"https:\/\/www.coma-zt.it\/#website\"},\"primaryImageOfPage\":{\"@id\":\"https:\/\/www.coma-zt.it\/produzione\/saldatura\/#primaryimage\"},\"image\":{\"@id\":\"https:\/\/www.coma-zt.it\/produzione\/saldatura\/#primaryimage\"},\"thumbnailUrl\":\"https:\/\/www.coma-zt.it\/wp-content\/uploads\/2016\/12\/icona_saldatura-x2.png\",\"datePublished\":\"2016-12-16T15:57:03+00:00\",\"dateModified\":\"2017-03-29T14:38:38+00:00\",\"description\":\"Schweissen: COMA ist in der Maschinenbau-Zulieferbranche, sowie in der Herstellung von Blechkomponenten f\u00fcr Werkstoffe. Entdecken Sie unsere Produkte!\",\"breadcrumb\":{\"@id\":\"https:\/\/www.coma-zt.it\/produzione\/saldatura\/#breadcrumb\"},\"inLanguage\":\"de\",\"potentialAction\":[{\"@type\":\"ReadAction\",\"target\":[\"https:\/\/www.coma-zt.it\/produzione\/saldatura\/\"]}]},{\"@type\":\"ImageObject\",\"inLanguage\":\"de\",\"@id\":\"https:\/\/www.coma-zt.it\/produzione\/saldatura\/#primaryimage\",\"url\":\"https:\/\/www.coma-zt.it\/wp-content\/uploads\/2016\/12\/icona_saldatura-x2.png\",\"contentUrl\":\"https:\/\/www.coma-zt.it\/wp-content\/uploads\/2016\/12\/icona_saldatura-x2.png\"},{\"@type\":\"BreadcrumbList\",\"@id\":\"https:\/\/www.coma-zt.it\/produzione\/saldatura\/#breadcrumb\",\"itemListElement\":[{\"@type\":\"ListItem\",\"position\":1,\"name\":\"Start\",\"item\":\"https:\/\/www.coma-zt.it\/de\/\"},{\"@type\":\"ListItem\",\"position\":2,\"name\":\"Produktion\",\"item\":\"https:\/\/www.coma-zt.it\/produzione\/\"},{\"@type\":\"ListItem\",\"position\":3,\"name\":\"Schweissen\"}]},{\"@type\":\"WebSite\",\"@id\":\"https:\/\/www.coma-zt.it\/#website\",\"url\":\"https:\/\/www.coma-zt.it\/\",\"name\":\"Coma ZT\",\"description\":\"\",\"potentialAction\":[{\"@type\":\"SearchAction\",\"target\":{\"@type\":\"EntryPoint\",\"urlTemplate\":\"https:\/\/www.coma-zt.it\/?s={search_term_string}\"},\"query-input\":{\"@type\":\"PropertyValueSpecification\",\"valueRequired\":true,\"valueName\":\"search_term_string\"}}],\"inLanguage\":\"de\"}]}<\/script>\n<!-- \/ Yoast SEO plugin. -->","yoast_head_json":{"title":"Schweissen - Blechverarbeitung, Herstellung von Blechkomponenten - Coma ZT","description":"Schweissen: COMA ist in der Maschinenbau-Zulieferbranche, sowie in der Herstellung von Blechkomponenten f\u00fcr Werkstoffe. Entdecken Sie unsere Produkte!","robots":{"index":"index","follow":"follow","max-snippet":"max-snippet:-1","max-image-preview":"max-image-preview:large","max-video-preview":"max-video-preview:-1"},"canonical":"https:\/\/www.coma-zt.it\/produzione\/saldatura\/","og_locale":"de_DE","og_type":"article","og_title":"Schweissen - Blechverarbeitung, Herstellung von Blechkomponenten - Coma ZT","og_description":"Schweissen: COMA ist in der Maschinenbau-Zulieferbranche, sowie in der Herstellung von Blechkomponenten f\u00fcr Werkstoffe. Entdecken Sie unsere Produkte!","og_url":"https:\/\/www.coma-zt.it\/produzione\/saldatura\/","og_site_name":"Coma ZT","article_modified_time":"2017-03-29T14:38:38+00:00","og_image":[{"url":"https:\/\/www.coma-zt.it\/wp-content\/uploads\/2016\/12\/icona_saldatura-x2.png","type":"","width":"","height":""}],"twitter_card":"summary_large_image","twitter_misc":{"Gesch\u00e4tzte Lesezeit":"1\u00a0Minute"},"schema":{"@context":"https:\/\/schema.org","@graph":[{"@type":"WebPage","@id":"https:\/\/www.coma-zt.it\/produzione\/saldatura\/","url":"https:\/\/www.coma-zt.it\/produzione\/saldatura\/","name":"Schweissen - Blechverarbeitung, Herstellung von Blechkomponenten - Coma ZT","isPartOf":{"@id":"https:\/\/www.coma-zt.it\/#website"},"primaryImageOfPage":{"@id":"https:\/\/www.coma-zt.it\/produzione\/saldatura\/#primaryimage"},"image":{"@id":"https:\/\/www.coma-zt.it\/produzione\/saldatura\/#primaryimage"},"thumbnailUrl":"https:\/\/www.coma-zt.it\/wp-content\/uploads\/2016\/12\/icona_saldatura-x2.png","datePublished":"2016-12-16T15:57:03+00:00","dateModified":"2017-03-29T14:38:38+00:00","description":"Schweissen: COMA ist in der Maschinenbau-Zulieferbranche, sowie in der Herstellung von Blechkomponenten f\u00fcr Werkstoffe. Entdecken Sie unsere Produkte!","breadcrumb":{"@id":"https:\/\/www.coma-zt.it\/produzione\/saldatura\/#breadcrumb"},"inLanguage":"de","potentialAction":[{"@type":"ReadAction","target":["https:\/\/www.coma-zt.it\/produzione\/saldatura\/"]}]},{"@type":"ImageObject","inLanguage":"de","@id":"https:\/\/www.coma-zt.it\/produzione\/saldatura\/#primaryimage","url":"https:\/\/www.coma-zt.it\/wp-content\/uploads\/2016\/12\/icona_saldatura-x2.png","contentUrl":"https:\/\/www.coma-zt.it\/wp-content\/uploads\/2016\/12\/icona_saldatura-x2.png"},{"@type":"BreadcrumbList","@id":"https:\/\/www.coma-zt.it\/produzione\/saldatura\/#breadcrumb","itemListElement":[{"@type":"ListItem","position":1,"name":"Start","item":"https:\/\/www.coma-zt.it\/de\/"},{"@type":"ListItem","position":2,"name":"Produktion","item":"https:\/\/www.coma-zt.it\/produzione\/"},{"@type":"ListItem","position":3,"name":"Schweissen"}]},{"@type":"WebSite","@id":"https:\/\/www.coma-zt.it\/#website","url":"https:\/\/www.coma-zt.it\/","name":"Coma ZT","description":"","potentialAction":[{"@type":"SearchAction","target":{"@type":"EntryPoint","urlTemplate":"https:\/\/www.coma-zt.it\/?s={search_term_string}"},"query-input":{"@type":"PropertyValueSpecification","valueRequired":true,"valueName":"search_term_string"}}],"inLanguage":"de"}]}},"_links":{"self":[{"href":"https:\/\/www.coma-zt.it\/de\/wp-json\/wp\/v2\/pages\/3472","targetHints":{"allow":["GET"]}}],"collection":[{"href":"https:\/\/www.coma-zt.it\/de\/wp-json\/wp\/v2\/pages"}],"about":[{"href":"https:\/\/www.coma-zt.it\/de\/wp-json\/wp\/v2\/types\/page"}],"author":[{"embeddable":true,"href":"https:\/\/www.coma-zt.it\/de\/wp-json\/wp\/v2\/users\/2"}],"replies":[{"embeddable":true,"href":"https:\/\/www.coma-zt.it\/de\/wp-json\/wp\/v2\/comments?post=3472"}],"version-history":[{"count":9,"href":"https:\/\/www.coma-zt.it\/de\/wp-json\/wp\/v2\/pages\/3472\/revisions"}],"predecessor-version":[{"id":4114,"href":"https:\/\/www.coma-zt.it\/de\/wp-json\/wp\/v2\/pages\/3472\/revisions\/4114"}],"up":[{"embeddable":true,"href":"https:\/\/www.coma-zt.it\/de\/wp-json\/wp\/v2\/pages\/3436"}],"wp:attachment":[{"href":"https:\/\/www.coma-zt.it\/de\/wp-json\/wp\/v2\/media?parent=3472"}],"curies":[{"name":"wp","href":"https:\/\/api.w.org\/{rel}","templated":true}]}}