{"id":3436,"date":"2016-12-09T12:30:39","date_gmt":"2016-12-09T11:30:39","guid":{"rendered":"http:\/\/www.coma-zt.it\/de\/produzione\/"},"modified":"2017-03-29T16:00:05","modified_gmt":"2017-03-29T14:00:05","slug":"produktion","status":"publish","type":"page","link":"https:\/\/www.coma-zt.it\/de\/produktion\/","title":{"rendered":"Produktion"},"content":{"rendered":"<div class=\"fw-page-builder-content\">\n<h2 class=\"fw-special-title\">I settori di produzione<\/h2>\n<h3 class=\"fw-special-title\">Unsere Produktion<\/h3>\n<p> <img decoding=\"async\" src=\"\/\/www.coma-zt.it\/wp-content\/uploads\/2016\/12\/icona_taglio-laser-lamiera.png\" alt=\"\" \/><\/p>\n<h5>Laserschnitt von blech<\/h5>\n<p>In der Laserschnittabteilung findet die erste Phase der Verarbeitung statt, welche h\u00f6chste Pr\u00e4zision garantiert, da der&#8230;<\/p>\n<p> <a href=\"\/de\/produktion\/laserschnitt-von-blech\/\" target=\"_self\" class=\"fw-btn tf-sh-93052b71694dcc4b3854645f4c1a45b1 fw-btn-md fw-btn-1\" style=\"\"><br \/>\n weiter<br \/>\n <\/a><br \/>\n <img decoding=\"async\" src=\"\/\/www.coma-zt.it\/wp-content\/uploads\/2016\/12\/icona_taglio-laser-tubi.png\" alt=\"\" \/><\/p>\n<h5>Laserschneiden von rohren<\/h5>\n<p>Der Laserschitt von Rohren schlie\u00dft mit pr\u00e4zisen und gratfreien Schnitten bei einem maximalen Durchmesser von 140&#8230;<\/p>\n<p> <a href=\"\/de\/produktion\/laserschnitt-von-rohren\/\" target=\"_self\" class=\"fw-btn tf-sh-7b524eca08a6d429dba9ae6c0ad899b7 fw-btn-md fw-btn-1\" style=\"\"><br \/>\n weiter<br \/>\n <\/a><br \/>\n <img decoding=\"async\" src=\"\/\/www.coma-zt.it\/wp-content\/uploads\/2016\/12\/icona_piegatura.png\" alt=\"\" \/><\/p>\n<h5>Abkanten<\/h5>\n<p>In der Biegeabteilung werden numerisch gesteuerte Maschinen verwendet, es kommen auch Roboter zum Einsatz&#8230;<\/p>\n<p> <a href=\"\/de\/produktion\/abkanten\/\" target=\"_self\" class=\"fw-btn tf-sh-329d9f81f194331df3dc2b62f5519d79 fw-btn-md fw-btn-1\" style=\"\"><br \/>\n weiter<br \/>\n <\/a><br \/>\n <img decoding=\"async\" src=\"\/\/www.coma-zt.it\/wp-content\/uploads\/2016\/12\/icona_calandratura.png\" alt=\"\" \/><\/p>\n<h5>Walzen<\/h5>\n<p>Die Kalandrierabteilung benutzt Walzen mit einem Durchmesser von 150 mm und einer Breite von 1500 mm&#8230;<\/p>\n<p> <a href=\"\/de\/produktion\/walzen\/\" target=\"_self\" class=\"fw-btn tf-sh-500d2c964ecc3337efe83c2cea503954 fw-btn-md fw-btn-1\" style=\"\"><br \/>\n weiter<br \/>\n <\/a><br \/>\n <img decoding=\"async\" src=\"\/\/www.coma-zt.it\/wp-content\/uploads\/2016\/12\/icona_stampaggio.png\" alt=\"\" \/><\/p>\n<h5>Stanzen<\/h5>\n<p>Die Stanzabteilung vervollst\u00e4ndigt die Phase der\u00a0Blechverformung. Wir verf\u00fcgen \u00fcber Pressen mit Werkb\u00e4nken&#8230;<\/p>\n<p> <a href=\"\/de\/produktion\/stanzen\/\" target=\"_self\" class=\"fw-btn tf-sh-cf55d120fa2cb176237c56fb29910ad7 fw-btn-md fw-btn-1\" style=\"\"><br \/>\n weiter<br \/>\n <\/a><br \/>\n <img decoding=\"async\" src=\"\/\/www.coma-zt.it\/wp-content\/uploads\/2016\/12\/icona_saldatura-1.png\" alt=\"\" \/><\/p>\n<h5>Schweissen<\/h5>\n<p>Diese Abteilung verf\u00fcgt \u00fcber verschiedene Einrichtungen f\u00fcr das robotisierte Schwei\u00dfen mit MIG&#8230;<\/p>\n<p> <a href=\"\/de\/produktion\/schweissen\/\" target=\"_self\" class=\"fw-btn tf-sh-231131f35a51cf782797778ba2cfedbe fw-btn-md fw-btn-1\" style=\"\"><br \/>\n weiter<br \/>\n <\/a><br \/>\n <img decoding=\"async\" src=\"\/\/www.coma-zt.it\/wp-content\/uploads\/2016\/12\/icona_tornitura.png\" alt=\"\" \/><\/p>\n<h5>Drehen<\/h5>\n<p>Die Drehereiabteilung nutzt numerisch gesteuerte Drehb\u00e4nke, die auch f\u00fcr die Bearbeitung von Flanschen bis zu&#8230;<\/p>\n<p> <a href=\"\/de\/produktion\/drehen\/\" target=\"_self\" class=\"fw-btn tf-sh-3809da00ddb9b22784e3209e20e49cf0 fw-btn-md fw-btn-1\" style=\"\"><br \/>\n weiter<br \/>\n <\/a><br \/>\n <img decoding=\"async\" src=\"\/\/www.coma-zt.it\/wp-content\/uploads\/2016\/12\/icona_trattamento-superficiale.png\" alt=\"\" \/><\/p>\n<h5>Beschichtung<\/h5>\n<p>Unter der Leitung von Coma\u00a0Srl werden mit Einbezug von f\u00fcr verschiedene Arten von&#8230;<\/p>\n<p> <a href=\"\/de\/produktion\/beschichtung\/\" target=\"_self\" class=\"fw-btn tf-sh-1af720d2f0eb96df56e5163d3d57ce74 fw-btn-md fw-btn-1\" style=\"\"><br \/>\n weiter<br \/>\n <\/a><br \/>\n <img decoding=\"async\" src=\"\/\/www.coma-zt.it\/wp-content\/uploads\/2016\/12\/icona_montaggio-imballaggio.png\" alt=\"\" \/><\/p>\n<h5>Montage und verpackung<\/h5>\n<p>Das Unternehmen Coma Srl verf\u00fcgt \u00fcber eine flexible Organisation und eine dynamische Struktur&#8230;<\/p>\n<p> <a href=\"\/de\/produktion\/montage-und-verpackung\/\" target=\"_self\" class=\"fw-btn tf-sh-f7d0222e2395a057ea2ae0478c09884f fw-btn-md fw-btn-1\" style=\"\"><br \/>\n weiter<br \/>\n <\/a><\/div>\n","protected":false},"excerpt":{"rendered":"<p>I settori di produzione Unsere Produktion Laserschnitt von blech In der Laserschnittabteilung findet die erste Phase der Verarbeitung statt, welche h\u00f6chste Pr\u00e4zision garantiert, da der&#8230; weiter Laserschneiden von rohren Der Laserschitt von Rohren schlie\u00dft mit pr\u00e4zisen und gratfreien Schnitten bei einem maximalen Durchmesser von 140&#8230; weiter Abkanten In der Biegeabteilung werden numerisch gesteuerte Maschinen verwendet, [&hellip;]<\/p>\n","protected":false},"author":2,"featured_media":0,"parent":0,"menu_order":0,"comment_status":"closed","ping_status":"closed","template":"visual-builder-template.php","meta":{"footnotes":""},"class_list":["post-3436","page","type-page","status-publish","hentry"],"yoast_head":"<!-- This site is optimized with the Yoast SEO plugin v26.9 - https:\/\/yoast.com\/product\/yoast-seo-wordpress\/ -->\n<title>Produktion - Blechverarbeitung, Herstellung von Blechkomponenten - Coma ZT<\/title>\n<meta name=\"description\" content=\"Produktion: COMA ist in der Maschinenbau-Zulieferbranche, sowie in der Herstellung von Blechkomponenten f\u00fcr Werkstoffe. Entdecken Sie unsere Produkte!\" \/>\n<meta name=\"robots\" content=\"index, follow, max-snippet:-1, max-image-preview:large, max-video-preview:-1\" \/>\n<link rel=\"canonical\" href=\"https:\/\/www.coma-zt.it\/produzione\/\" \/>\n<meta property=\"og:locale\" content=\"de_DE\" \/>\n<meta property=\"og:type\" content=\"article\" \/>\n<meta property=\"og:title\" content=\"Produktion - Blechverarbeitung, Herstellung von Blechkomponenten - Coma ZT\" \/>\n<meta property=\"og:description\" content=\"Produktion: COMA ist in der Maschinenbau-Zulieferbranche, sowie in der Herstellung von Blechkomponenten f\u00fcr Werkstoffe. Entdecken Sie unsere Produkte!\" \/>\n<meta property=\"og:url\" content=\"https:\/\/www.coma-zt.it\/produzione\/\" \/>\n<meta property=\"og:site_name\" content=\"Coma ZT\" \/>\n<meta property=\"article:modified_time\" content=\"2017-03-29T14:00:05+00:00\" \/>\n<meta name=\"twitter:card\" content=\"summary_large_image\" \/>\n<meta name=\"twitter:label1\" content=\"Gesch\u00e4tzte Lesezeit\" \/>\n\t<meta name=\"twitter:data1\" content=\"1\u00a0Minute\" \/>\n<script type=\"application\/ld+json\" class=\"yoast-schema-graph\">{\"@context\":\"https:\/\/schema.org\",\"@graph\":[{\"@type\":\"WebPage\",\"@id\":\"https:\/\/www.coma-zt.it\/produzione\/\",\"url\":\"https:\/\/www.coma-zt.it\/produzione\/\",\"name\":\"Produktion - Blechverarbeitung, Herstellung von Blechkomponenten - Coma ZT\",\"isPartOf\":{\"@id\":\"https:\/\/www.coma-zt.it\/#website\"},\"datePublished\":\"2016-12-09T11:30:39+00:00\",\"dateModified\":\"2017-03-29T14:00:05+00:00\",\"description\":\"Produktion: COMA ist in der Maschinenbau-Zulieferbranche, sowie in der Herstellung von Blechkomponenten f\u00fcr Werkstoffe. Entdecken Sie unsere Produkte!\",\"breadcrumb\":{\"@id\":\"https:\/\/www.coma-zt.it\/produzione\/#breadcrumb\"},\"inLanguage\":\"de\",\"potentialAction\":[{\"@type\":\"ReadAction\",\"target\":[\"https:\/\/www.coma-zt.it\/produzione\/\"]}]},{\"@type\":\"BreadcrumbList\",\"@id\":\"https:\/\/www.coma-zt.it\/produzione\/#breadcrumb\",\"itemListElement\":[{\"@type\":\"ListItem\",\"position\":1,\"name\":\"Start\",\"item\":\"https:\/\/www.coma-zt.it\/de\/\"},{\"@type\":\"ListItem\",\"position\":2,\"name\":\"Produktion\"}]},{\"@type\":\"WebSite\",\"@id\":\"https:\/\/www.coma-zt.it\/#website\",\"url\":\"https:\/\/www.coma-zt.it\/\",\"name\":\"Coma ZT\",\"description\":\"\",\"potentialAction\":[{\"@type\":\"SearchAction\",\"target\":{\"@type\":\"EntryPoint\",\"urlTemplate\":\"https:\/\/www.coma-zt.it\/?s={search_term_string}\"},\"query-input\":{\"@type\":\"PropertyValueSpecification\",\"valueRequired\":true,\"valueName\":\"search_term_string\"}}],\"inLanguage\":\"de\"}]}<\/script>\n<!-- \/ Yoast SEO plugin. -->","yoast_head_json":{"title":"Produktion - Blechverarbeitung, Herstellung von Blechkomponenten - Coma ZT","description":"Produktion: COMA ist in der Maschinenbau-Zulieferbranche, sowie in der Herstellung von Blechkomponenten f\u00fcr Werkstoffe. Entdecken Sie unsere Produkte!","robots":{"index":"index","follow":"follow","max-snippet":"max-snippet:-1","max-image-preview":"max-image-preview:large","max-video-preview":"max-video-preview:-1"},"canonical":"https:\/\/www.coma-zt.it\/produzione\/","og_locale":"de_DE","og_type":"article","og_title":"Produktion - Blechverarbeitung, Herstellung von Blechkomponenten - Coma ZT","og_description":"Produktion: COMA ist in der Maschinenbau-Zulieferbranche, sowie in der Herstellung von Blechkomponenten f\u00fcr Werkstoffe. Entdecken Sie unsere Produkte!","og_url":"https:\/\/www.coma-zt.it\/produzione\/","og_site_name":"Coma ZT","article_modified_time":"2017-03-29T14:00:05+00:00","twitter_card":"summary_large_image","twitter_misc":{"Gesch\u00e4tzte Lesezeit":"1\u00a0Minute"},"schema":{"@context":"https:\/\/schema.org","@graph":[{"@type":"WebPage","@id":"https:\/\/www.coma-zt.it\/produzione\/","url":"https:\/\/www.coma-zt.it\/produzione\/","name":"Produktion - Blechverarbeitung, Herstellung von Blechkomponenten - Coma ZT","isPartOf":{"@id":"https:\/\/www.coma-zt.it\/#website"},"datePublished":"2016-12-09T11:30:39+00:00","dateModified":"2017-03-29T14:00:05+00:00","description":"Produktion: COMA ist in der Maschinenbau-Zulieferbranche, sowie in der Herstellung von Blechkomponenten f\u00fcr Werkstoffe. Entdecken Sie unsere Produkte!","breadcrumb":{"@id":"https:\/\/www.coma-zt.it\/produzione\/#breadcrumb"},"inLanguage":"de","potentialAction":[{"@type":"ReadAction","target":["https:\/\/www.coma-zt.it\/produzione\/"]}]},{"@type":"BreadcrumbList","@id":"https:\/\/www.coma-zt.it\/produzione\/#breadcrumb","itemListElement":[{"@type":"ListItem","position":1,"name":"Start","item":"https:\/\/www.coma-zt.it\/de\/"},{"@type":"ListItem","position":2,"name":"Produktion"}]},{"@type":"WebSite","@id":"https:\/\/www.coma-zt.it\/#website","url":"https:\/\/www.coma-zt.it\/","name":"Coma ZT","description":"","potentialAction":[{"@type":"SearchAction","target":{"@type":"EntryPoint","urlTemplate":"https:\/\/www.coma-zt.it\/?s={search_term_string}"},"query-input":{"@type":"PropertyValueSpecification","valueRequired":true,"valueName":"search_term_string"}}],"inLanguage":"de"}]}},"_links":{"self":[{"href":"https:\/\/www.coma-zt.it\/de\/wp-json\/wp\/v2\/pages\/3436","targetHints":{"allow":["GET"]}}],"collection":[{"href":"https:\/\/www.coma-zt.it\/de\/wp-json\/wp\/v2\/pages"}],"about":[{"href":"https:\/\/www.coma-zt.it\/de\/wp-json\/wp\/v2\/types\/page"}],"author":[{"embeddable":true,"href":"https:\/\/www.coma-zt.it\/de\/wp-json\/wp\/v2\/users\/2"}],"replies":[{"embeddable":true,"href":"https:\/\/www.coma-zt.it\/de\/wp-json\/wp\/v2\/comments?post=3436"}],"version-history":[{"count":12,"href":"https:\/\/www.coma-zt.it\/de\/wp-json\/wp\/v2\/pages\/3436\/revisions"}],"predecessor-version":[{"id":4088,"href":"https:\/\/www.coma-zt.it\/de\/wp-json\/wp\/v2\/pages\/3436\/revisions\/4088"}],"wp:attachment":[{"href":"https:\/\/www.coma-zt.it\/de\/wp-json\/wp\/v2\/media?parent=3436"}],"curies":[{"name":"wp","href":"https:\/\/api.w.org\/{rel}","templated":true}]}}